{"id":2333,"date":"2022-11-25T12:47:12","date_gmt":"2022-11-25T15:47:12","guid":{"rendered":"https:\/\/escola.defensoria.ce.def.br\/?page_id=2333"},"modified":"2022-11-25T13:04:06","modified_gmt":"2022-11-25T16:04:06","slug":"noticias","status":"publish","type":"page","link":"https:\/\/escola.defensoria.ce.def.br\/index.php\/noticias\/","title":{"rendered":"Not\u00edcias"},"content":{"rendered":"\t\t<div data-elementor-type=\"wp-page\" data-elementor-id=\"2333\" class=\"elementor elementor-2333\">\n\t\t\t\t\t\t\t\t\t<section class=\"elementor-section elementor-top-section elementor-element elementor-element-22d22ec elementor-section-boxed elementor-section-height-default elementor-section-height-default\" data-id=\"22d22ec\" data-element_type=\"section\">\n\t\t\t\t\t\t<div class=\"elementor-container elementor-column-gap-default\">\n\t\t\t\t\t<div class=\"elementor-column elementor-col-100 elementor-top-column elementor-element elementor-element-b46f6c5\" data-id=\"b46f6c5\" data-element_type=\"column\">\n\t\t\t<div class=\"elementor-widget-wrap elementor-element-populated\">\n\t\t\t\t\t\t\t\t<div class=\"elementor-element elementor-element-ea1804d elementor-widget elementor-widget-heading\" data-id=\"ea1804d\" data-element_type=\"widget\" data-widget_type=\"heading.default\">\n\t\t\t\t<div class=\"elementor-widget-container\">\n\t\t\t<style>\/*! elementor - v3.7.3 - 29-08-2022 *\/\n.elementor-heading-title{padding:0;margin:0;line-height:1}.elementor-widget-heading .elementor-heading-title[class*=elementor-size-]>a{color:inherit;font-size:inherit;line-height:inherit}.elementor-widget-heading .elementor-heading-title.elementor-size-small{font-size:15px}.elementor-widget-heading .elementor-heading-title.elementor-size-medium{font-size:19px}.elementor-widget-heading .elementor-heading-title.elementor-size-large{font-size:29px}.elementor-widget-heading .elementor-heading-title.elementor-size-xl{font-size:39px}.elementor-widget-heading .elementor-heading-title.elementor-size-xxl{font-size:59px}<\/style><h2 class=\"elementor-heading-title elementor-size-default\">Not\u00edcias<\/h2>\t\t<\/div>\n\t\t\t\t<\/div>\n\t\t\t\t\t<\/div>\n\t\t<\/div>\n\t\t\t\t\t\t\t<\/div>\n\t\t<\/section>\n\t\t\t\t<section class=\"elementor-section elementor-top-section elementor-element elementor-element-ac3e237 elementor-section-boxed elementor-section-height-default elementor-section-height-default\" data-id=\"ac3e237\" data-element_type=\"section\">\n\t\t\t\t\t\t<div class=\"elementor-container elementor-column-gap-default\">\n\t\t\t\t\t<div class=\"elementor-column elementor-col-100 elementor-top-column elementor-element elementor-element-bc2aca9\" data-id=\"bc2aca9\" data-element_type=\"column\">\n\t\t\t<div class=\"elementor-widget-wrap elementor-element-populated\">\n\t\t\t\t\t\t\t\t<div class=\"elementor-element elementor-element-f43bc2f elementor-grid-eael-col-4 elementor-grid-tablet-eael-col-2 elementor-grid-mobile-eael-col-1 elementor-widget elementor-widget-eael-post-grid\" data-id=\"f43bc2f\" data-element_type=\"widget\" data-settings=\"{&quot;eael_post_grid_columns&quot;:&quot;eael-col-4&quot;,&quot;eael_post_grid_columns_tablet&quot;:&quot;eael-col-2&quot;,&quot;eael_post_grid_columns_mobile&quot;:&quot;eael-col-1&quot;}\" data-widget_type=\"eael-post-grid.default\">\n\t\t\t\t<div class=\"elementor-widget-container\">\n\t\t\t<div id=\"eael-post-grid-f43bc2f\" class=\"eael-post-grid-container\">\n            <div class=\"eael-post-grid eael-post-appender eael-post-appender-f43bc2f eael-post-grid-style-default\" data-layout-mode=\"masonry\"><article class=\"eael-grid-post eael-post-grid-column\" data-id=\"4356\">\n        <div class=\"eael-grid-post-holder\">\n            <div class=\"eael-grid-post-holder-inner\"><div class=\"eael-entry-media\"><div class=\"eael-entry-overlay fade-in\"><i class=\"fas fa-long-arrow-alt-right\" aria-hidden=\"true\"><\/i><a href=\"https:\/\/escola.defensoria.ce.def.br\/index.php\/2025\/07\/30\/defensores-e-defensoras-de-todas-as-regioes-participam-da-abertura-do-seminario-de-28-anos-da-dpce\/\"><\/a><\/div><div class=\"eael-entry-thumbnail \">\n                <img loading=\"lazy\" decoding=\"async\" width=\"150\" height=\"150\" src=\"https:\/\/escola.defensoria.ce.def.br\/wp-content\/uploads\/2025\/07\/salao1-150x150.jpeg\" class=\"attachment-thumbnail size-thumbnail\" alt=\"\" \/>\n            <\/div>\n        <\/div><div class=\"eael-entry-wrapper\"><header class=\"eael-entry-header\"><h2 class=\"eael-entry-title\"><a\n                        class=\"eael-grid-post-link\"\n                        href=\"https:\/\/escola.defensoria.ce.def.br\/index.php\/2025\/07\/30\/defensores-e-defensoras-de-todas-as-regioes-participam-da-abertura-do-seminario-de-28-anos-da-dpce\/\"\n                        title=\"Defensores e defensoras de todas as regi\u00f5es participam da abertura do semin\u00e1rio de 28 anos da DPCE\">Defensores e defensoras de todas as regi\u00f5es participam da abertura do semin\u00e1rio de 28 anos da DPCE<\/a><\/h2><\/header><div class=\"eael-entry-content\">\n                        <div class=\"eael-grid-post-excerpt\"><p>Publicado em\u00a024 de abril de 2025\u00a0\u00a0\u00a0 Texto: Bruno de CastroFotos:...<\/p><a\n                            href=\"https:\/\/escola.defensoria.ce.def.br\/index.php\/2025\/07\/30\/defensores-e-defensoras-de-todas-as-regioes-participam-da-abertura-do-seminario-de-28-anos-da-dpce\/\"\n                            class=\"eael-post-elements-readmore-btn\">Ler mais<\/a><\/div>\n                    <\/div><div class=\"eael-entry-footer\"><div class=\"eael-entry-meta\"><\/div><\/div><\/div><\/div>\n        <\/div>\n    <\/article><article class=\"eael-grid-post eael-post-grid-column\" data-id=\"4345\">\n        <div class=\"eael-grid-post-holder\">\n            <div class=\"eael-grid-post-holder-inner\"><div class=\"eael-entry-media\"><div class=\"eael-entry-overlay fade-in\"><i class=\"fas fa-long-arrow-alt-right\" aria-hidden=\"true\"><\/i><a href=\"https:\/\/escola.defensoria.ce.def.br\/index.php\/2025\/07\/30\/seminario-construindo-a-defensoria-do-futuro-sera-realizado-em-alusao-ao-aniversario-de-28-anos-da-instituicao-no-ceara\/\"><\/a><\/div><div class=\"eael-entry-thumbnail \">\n                <img loading=\"lazy\" decoding=\"async\" width=\"150\" height=\"150\" src=\"https:\/\/escola.defensoria.ce.def.br\/wp-content\/uploads\/2025\/07\/foto1-150x150.jpeg\" class=\"attachment-thumbnail size-thumbnail\" alt=\"\" \/>\n            <\/div>\n        <\/div><div class=\"eael-entry-wrapper\"><header class=\"eael-entry-header\"><h2 class=\"eael-entry-title\"><a\n                        class=\"eael-grid-post-link\"\n                        href=\"https:\/\/escola.defensoria.ce.def.br\/index.php\/2025\/07\/30\/seminario-construindo-a-defensoria-do-futuro-sera-realizado-em-alusao-ao-aniversario-de-28-anos-da-instituicao-no-ceara\/\"\n                        title=\"Semin\u00e1rio \u201cConstruindo a Defensoria do Futuro\u201d ser\u00e1 realizado em alus\u00e3o ao anivers\u00e1rio de 28 anos da institui\u00e7\u00e3o no Cear\u00e1\">Semin\u00e1rio \u201cConstruindo a Defensoria do Futuro\u201d ser\u00e1 realizado em alus\u00e3o ao anivers\u00e1rio de 28 anos da institui\u00e7\u00e3o no Cear\u00e1<\/a><\/h2><\/header><div class=\"eael-entry-content\">\n                        <div class=\"eael-grid-post-excerpt\"><p>Publicado em\u00a014 de abril de 2025\u00a0\u00a0\u00a0 TEXTO: DEBORAH DUARTE ILUSTRA\u00c7\u00c3O:...<\/p><a\n                            href=\"https:\/\/escola.defensoria.ce.def.br\/index.php\/2025\/07\/30\/seminario-construindo-a-defensoria-do-futuro-sera-realizado-em-alusao-ao-aniversario-de-28-anos-da-instituicao-no-ceara\/\"\n                            class=\"eael-post-elements-readmore-btn\">Ler mais<\/a><\/div>\n                    <\/div><div class=\"eael-entry-footer\"><div class=\"eael-entry-meta\"><\/div><\/div><\/div><\/div>\n        <\/div>\n    <\/article><article class=\"eael-grid-post eael-post-grid-column\" data-id=\"4338\">\n        <div class=\"eael-grid-post-holder\">\n            <div class=\"eael-grid-post-holder-inner\"><div class=\"eael-entry-media\"><div class=\"eael-entry-overlay fade-in\"><i class=\"fas fa-long-arrow-alt-right\" aria-hidden=\"true\"><\/i><a href=\"https:\/\/escola.defensoria.ce.def.br\/index.php\/2025\/01\/31\/dpce-abre-inscricoes-para-o-i-encontro-de-teses-em-direito-de-familia\/\"><\/a><\/div><div class=\"eael-entry-thumbnail \">\n                <img loading=\"lazy\" decoding=\"async\" width=\"150\" height=\"150\" src=\"https:\/\/escola.defensoria.ce.def.br\/wp-content\/uploads\/2025\/01\/8-150x150.png\" class=\"attachment-thumbnail size-thumbnail\" alt=\"\" \/>\n            <\/div>\n        <\/div><div class=\"eael-entry-wrapper\"><header class=\"eael-entry-header\"><h2 class=\"eael-entry-title\"><a\n                        class=\"eael-grid-post-link\"\n                        href=\"https:\/\/escola.defensoria.ce.def.br\/index.php\/2025\/01\/31\/dpce-abre-inscricoes-para-o-i-encontro-de-teses-em-direito-de-familia\/\"\n                        title=\"DPCE abre inscri\u00e7\u00f5es para o I Encontro de Teses em Direito de Fam\u00edlia\">DPCE abre inscri\u00e7\u00f5es para o I Encontro de Teses em Direito de Fam\u00edlia<\/a><\/h2><\/header><div class=\"eael-entry-content\">\n                        <div class=\"eael-grid-post-excerpt\"><p>Publicado em\u00a030 de janeiro de 2025\u00a0\u00a0\u00a0 A Defensoria P\u00fablica do...<\/p><a\n                            href=\"https:\/\/escola.defensoria.ce.def.br\/index.php\/2025\/01\/31\/dpce-abre-inscricoes-para-o-i-encontro-de-teses-em-direito-de-familia\/\"\n                            class=\"eael-post-elements-readmore-btn\">Ler mais<\/a><\/div>\n                    <\/div><div class=\"eael-entry-footer\"><div class=\"eael-entry-meta\"><\/div><\/div><\/div><\/div>\n        <\/div>\n    <\/article><article class=\"eael-grid-post eael-post-grid-column\" data-id=\"4305\">\n        <div class=\"eael-grid-post-holder\">\n            <div class=\"eael-grid-post-holder-inner\"><div class=\"eael-entry-media\"><div class=\"eael-entry-overlay fade-in\"><i class=\"fas fa-long-arrow-alt-right\" aria-hidden=\"true\"><\/i><a href=\"https:\/\/escola.defensoria.ce.def.br\/index.php\/2024\/12\/18\/escola-superior-promove-tarde-de-lancamentos-de-livros-e-palestra-com-grazielle-albuquerque\/\"><\/a><\/div><div class=\"eael-entry-thumbnail \">\n                <img loading=\"lazy\" decoding=\"async\" width=\"150\" height=\"150\" src=\"https:\/\/escola.defensoria.ce.def.br\/wp-content\/uploads\/2024\/12\/IMG_6075-2048x1365-1-150x150.jpg\" class=\"attachment-thumbnail size-thumbnail\" alt=\"\" \/>\n            <\/div>\n        <\/div><div class=\"eael-entry-wrapper\"><header class=\"eael-entry-header\"><h2 class=\"eael-entry-title\"><a\n                        class=\"eael-grid-post-link\"\n                        href=\"https:\/\/escola.defensoria.ce.def.br\/index.php\/2024\/12\/18\/escola-superior-promove-tarde-de-lancamentos-de-livros-e-palestra-com-grazielle-albuquerque\/\"\n                        title=\"Escola Superior promove tarde de lan\u00e7amentos de livros e palestra com Grazielle Albuquerque\">Escola Superior promove tarde de lan\u00e7amentos de livros e palestra com Grazielle Albuquerque<\/a><\/h2><\/header><div class=\"eael-entry-content\">\n                        <div class=\"eael-grid-post-excerpt\"><p>Publicado em\u00a016 de dezembro de 2024\u00a0\u00a0\u00a0 texto: ANA PAULA LOPES...<\/p><a\n                            href=\"https:\/\/escola.defensoria.ce.def.br\/index.php\/2024\/12\/18\/escola-superior-promove-tarde-de-lancamentos-de-livros-e-palestra-com-grazielle-albuquerque\/\"\n                            class=\"eael-post-elements-readmore-btn\">Ler mais<\/a><\/div>\n                    <\/div><div class=\"eael-entry-footer\"><div class=\"eael-entry-meta\"><\/div><\/div><\/div><\/div>\n        <\/div>\n    <\/article><\/div>\n            <div class=\"clearfix\"><\/div>\n        <\/div>            <div class=\"eael-load-more-button-wrap\">\n                <button class=\"eael-load-more-button\" id=\"eael-load-more-btn-f43bc2f\" data-widget-id=\"f43bc2f\" data-widget=\"f43bc2f\" data-page-id=\"2333\" data-nonce=\"3de566b845\" data-template=\"{&quot;dir&quot;:&quot;lite&quot;,&quot;file_name&quot;:&quot;default.php&quot;,&quot;name&quot;:&quot;Post-Grid&quot;}\" data-class=\"Essential_Addons_Elementor\\Elements\\Post_Grid\" data-layout=\"masonry\" data-page=\"1\" data-args=\"orderby=date&amp;order=desc&amp;ignore_sticky_posts=1&amp;post_status=publish&amp;posts_per_page=4&amp;offset=0&amp;post_type=post\" data-max-page=\"30\">\n                    <div class=\"eael-btn-loader button__loader\"><\/div>\n                    <span>Mais Not\u00edcias<\/span>\n                <\/button>\n            <\/div>\n        \t\t<\/div>\n\t\t\t\t<\/div>\n\t\t\t\t\t<\/div>\n\t\t<\/div>\n\t\t\t\t\t\t\t<\/div>\n\t\t<\/section>\n\t\t\t\t\t\t\t<\/div>\n\t\t","protected":false},"excerpt":{"rendered":"<p>ESCOLA SUPERIOR PRORROGA O PRAZO PARA SUBMISS\u00c3O DE ESCRITOS NA REVISTA DA DEFENSORIA P\u00daBLICA DO CEAR\u00c1. A Escola Superior, por meio do Edital n\u00ba 11\/2022, prorrogou&#8230; Ler mais DIRETORA DA [&hellip;]<\/p>\n","protected":false},"author":1,"featured_media":0,"parent":0,"menu_order":0,"comment_status":"closed","ping_status":"closed","template":"elementor_header_footer","meta":{"footnotes":""},"class_list":["post-2333","page","type-page","status-publish","hentry"],"_links":{"self":[{"href":"https:\/\/escola.defensoria.ce.def.br\/index.php\/wp-json\/wp\/v2\/pages\/2333","targetHints":{"allow":["GET"]}}],"collection":[{"href":"https:\/\/escola.defensoria.ce.def.br\/index.php\/wp-json\/wp\/v2\/pages"}],"about":[{"href":"https:\/\/escola.defensoria.ce.def.br\/index.php\/wp-json\/wp\/v2\/types\/page"}],"author":[{"embeddable":true,"href":"https:\/\/escola.defensoria.ce.def.br\/index.php\/wp-json\/wp\/v2\/users\/1"}],"replies":[{"embeddable":true,"href":"https:\/\/escola.defensoria.ce.def.br\/index.php\/wp-json\/wp\/v2\/comments?post=2333"}],"version-history":[{"count":10,"href":"https:\/\/escola.defensoria.ce.def.br\/index.php\/wp-json\/wp\/v2\/pages\/2333\/revisions"}],"predecessor-version":[{"id":2346,"href":"https:\/\/escola.defensoria.ce.def.br\/index.php\/wp-json\/wp\/v2\/pages\/2333\/revisions\/2346"}],"wp:attachment":[{"href":"https:\/\/escola.defensoria.ce.def.br\/index.php\/wp-json\/wp\/v2\/media?parent=2333"}],"curies":[{"name":"wp","href":"https:\/\/api.w.org\/{rel}","templated":true}]}}